{"id":13,"date":"2019-07-12T08:09:34","date_gmt":"2019-07-12T08:09:34","guid":{"rendered":"http:\/\/stabhalterei-freiamt.de\/?page_id=13"},"modified":"2019-09-29T09:03:50","modified_gmt":"2019-09-29T09:03:50","slug":"blechschlecker","status":"publish","type":"page","link":"https:\/\/www.stabhalterei-freiamt.de\/?page_id=13","title":{"rendered":"Blechschlecker"},"content":{"rendered":"<p><img decoding=\"async\" class=\"left alignleft\" src=\"http:\/\/stabhalterei-freiamt.de\/wp-content\/uploads\/2019\/08\/Blechschlecker1.jpg\" alt=\"\"> Wenn die Frei\u00e4mtler Narren an Umz\u00fcgen ausserhalb Triberg teilnehmen, sind fast immer die Frei\u00e4mtler Blechschlecker mit dabei. Das Wort Blechschlecker entstand durch das Zusammenf\u00fcgen der beiden Begriffe Blechmusik und Gutseleschlecker. Die Musiker kommen aus allen Triberger Ortsteilen, aus Gremmelsbach, Nussbach und von der Triberger Stadtmusik. Am schmutzige Dunschdig und am Fasnetdienstag ziehen die Frei\u00e4mtler Narren zusammen mit den Blechschleckern durch Tribergs Strassen und sind bei ihren Besuchen immer gern gesehene G\u00e4ste. Durch das Zusammenspiel der Musik von den Blechschleckern und die Anekdoten und Witze der Narren vom Freiamt hat man schon so manche Tr\u00e4ne vor Lachen vergossen.<\/p>\n","protected":false},"excerpt":{"rendered":"<p>Wenn die Frei\u00e4mtler Narren an Umz\u00fcgen ausserhalb Triberg teilnehmen, sind fast immer die Frei\u00e4mtler Blechschlecker mit dabei. Das Wort Blechschlecker entstand durch das Zusammenf\u00fcgen der beiden Begriffe Blechmusik und Gutseleschlecker. Die Musiker kommen aus allen Triberger Ortsteilen, aus Gremmelsbach, Nussbach und von der Triberger Stadtmusik. Am schmutzige Dunschdig und am Fasnetdienstag ziehen die Frei\u00e4mtler Narren zusammen mit den Blechschleckern durch Tribergs Strassen und sind bei<\/p>\n","protected":false},"author":1,"featured_media":0,"parent":0,"menu_order":0,"comment_status":"closed","ping_status":"closed","template":"","meta":{"_coblocks_attr":"","_coblocks_dimensions":"","_coblocks_responsive_height":"","_coblocks_accordion_ie_support":"","footnotes":""},"_links":{"self":[{"href":"https:\/\/www.stabhalterei-freiamt.de\/index.php?rest_route=\/wp\/v2\/pages\/13"}],"collection":[{"href":"https:\/\/www.stabhalterei-freiamt.de\/index.php?rest_route=\/wp\/v2\/pages"}],"about":[{"href":"https:\/\/www.stabhalterei-freiamt.de\/index.php?rest_route=\/wp\/v2\/types\/page"}],"author":[{"embeddable":true,"href":"https:\/\/www.stabhalterei-freiamt.de\/index.php?rest_route=\/wp\/v2\/users\/1"}],"replies":[{"embeddable":true,"href":"https:\/\/www.stabhalterei-freiamt.de\/index.php?rest_route=%2Fwp%2Fv2%2Fcomments&post=13"}],"version-history":[{"count":8,"href":"https:\/\/www.stabhalterei-freiamt.de\/index.php?rest_route=\/wp\/v2\/pages\/13\/revisions"}],"predecessor-version":[{"id":390,"href":"https:\/\/www.stabhalterei-freiamt.de\/index.php?rest_route=\/wp\/v2\/pages\/13\/revisions\/390"}],"wp:attachment":[{"href":"https:\/\/www.stabhalterei-freiamt.de\/index.php?rest_route=%2Fwp%2Fv2%2Fmedia&parent=13"}],"curies":[{"name":"wp","href":"https:\/\/api.w.org\/{rel}","templated":true}]}}