{"id":5,"date":"2019-07-12T08:05:04","date_gmt":"2019-07-12T08:05:04","guid":{"rendered":"http:\/\/stabhalterei-freiamt.de\/?page_id=5"},"modified":"2019-09-29T09:01:14","modified_gmt":"2019-09-29T09:01:14","slug":"historie","status":"publish","type":"page","link":"https:\/\/www.stabhalterei-freiamt.de\/?page_id=5","title":{"rendered":"Historie"},"content":{"rendered":"<p><img decoding=\"async\" class=\"left alignleft\" src=\"http:\/\/stabhalterei-freiamt.de\/wp-content\/uploads\/2019\/08\/Historie1.jpg\" alt=\"\"> Ursprung der Narrengesellschaft Stabhalterei Freiamt Triberg e.V. gegr. 1868 nach amtlicher Chronik. Um einigerma\u00dfen in unserer Chronik authentisch zu bleiben, da uns aus den Anf\u00e4ngen vor weit \u00fcber 100 Jahren keine Protokollb\u00fccher mehr vorliegen, m\u00fcssen wir uns an die Herren Wilhelm Maier und Karl Lienhard halten, die in Ihrer \u201eGeschichte der Stadt Triberg\u201c auf der Seite 446 schrieben: Die Entstehung der Narrenvereinigung \u201eStabhalterei Freiamt 1868\u201c geht auf die Erbauung der Schwarzwaldbahn in den Jahren 1866 bis 1873 zur\u00fcck. Glaubhaft ist ohne weiteres, dass die am Bahnbau beteiligten f\u00fchrenden und leitenden Kr\u00e4fte in enger Verbindung mit den Frei\u00e4mtler Einwohnern die Gesellschaft \u201eStabhalterei\u201c gegr\u00fcndet hatten, die sp\u00e4ter vor\u00fcbergehend auch unter der Bezeichnung \u201eEintracht\u201c gef\u00fchrt wurde, denn gerade w\u00e4hrend der Fasnet bestand unter den Leuten das Verlangen nach geselliger und frohsinniger Unterhaltung. So wurde im Jahre 1868 die damals noch lose gesellschaftliche Vereinigung gebildet, die einen l\u00fcckenlosen Nachweis ihrer Existenz bis auf den heutigen Tag erbringen kann und sich allzeit der Weiterf\u00fchrung alter Sitten und Gebr\u00e4uche und eines fastnachtlichen Brauchtums befleissigt hat. Nach der Erbauung der damaligen Brauerei Martin tagte der Verein in der dortigen Gastst\u00e4tte, welche zum langj\u00e4hrigen Stammlokal wurde. Aber im Laufe der langen Jahre waren auch der Gasthof \u201eGerwig\u201c die \u201eBahnhofwirtschaft\u201c und das f\u00fchere Hotel Kimmich, jetzt Hotel B\u00e4ren, Gemeindehaus der Frei\u00e4mtler Narrengemeinde. Bis 2018 war das zuletzt genannte Hotel B\u00e4ren das Vereinslokal. Der Verein verf\u00fcgt \u00fcber 12 aktive Mitglieder,&nbsp;ca. 190 passive Mitglieder und ca. 30 Maskentr\u00e4ger.<\/p>\n\n\n<p><\/p>\n","protected":false},"excerpt":{"rendered":"<p>Ursprung der Narrengesellschaft Stabhalterei Freiamt Triberg e.V. gegr. 1868 nach amtlicher Chronik. Um einigerma\u00dfen in unserer Chronik authentisch zu bleiben, da uns aus den Anf\u00e4ngen vor weit \u00fcber 100 Jahren keine Protokollb\u00fccher mehr vorliegen, m\u00fcssen wir uns an die Herren Wilhelm Maier und Karl Lienhard halten, die in Ihrer \u201eGeschichte der Stadt Triberg\u201c auf der Seite 446 schrieben: Die Entstehung der Narrenvereinigung \u201eStabhalterei Freiamt 1868\u201c<\/p>\n","protected":false},"author":1,"featured_media":0,"parent":0,"menu_order":0,"comment_status":"closed","ping_status":"closed","template":"","meta":{"_coblocks_attr":"","_coblocks_dimensions":"","_coblocks_responsive_height":"","_coblocks_accordion_ie_support":"","footnotes":""},"_links":{"self":[{"href":"https:\/\/www.stabhalterei-freiamt.de\/index.php?rest_route=\/wp\/v2\/pages\/5"}],"collection":[{"href":"https:\/\/www.stabhalterei-freiamt.de\/index.php?rest_route=\/wp\/v2\/pages"}],"about":[{"href":"https:\/\/www.stabhalterei-freiamt.de\/index.php?rest_route=\/wp\/v2\/types\/page"}],"author":[{"embeddable":true,"href":"https:\/\/www.stabhalterei-freiamt.de\/index.php?rest_route=\/wp\/v2\/users\/1"}],"replies":[{"embeddable":true,"href":"https:\/\/www.stabhalterei-freiamt.de\/index.php?rest_route=%2Fwp%2Fv2%2Fcomments&post=5"}],"version-history":[{"count":10,"href":"https:\/\/www.stabhalterei-freiamt.de\/index.php?rest_route=\/wp\/v2\/pages\/5\/revisions"}],"predecessor-version":[{"id":386,"href":"https:\/\/www.stabhalterei-freiamt.de\/index.php?rest_route=\/wp\/v2\/pages\/5\/revisions\/386"}],"wp:attachment":[{"href":"https:\/\/www.stabhalterei-freiamt.de\/index.php?rest_route=%2Fwp%2Fv2%2Fmedia&parent=5"}],"curies":[{"name":"wp","href":"https:\/\/api.w.org\/{rel}","templated":true}]}}